{"id":20,"date":"2021-10-26T06:34:11","date_gmt":"2021-10-26T06:34:11","guid":{"rendered":"https:\/\/e-dcs.de\/htm\/?page_id=20"},"modified":"2025-02-19T15:46:31","modified_gmt":"2025-02-19T14:46:31","slug":"unternehmen","status":"publish","type":"page","link":"https:\/\/e-dcs.de\/?page_id=20","title":{"rendered":"Unternehmen"},"content":{"rendered":"<p><img loading=\"lazy\" decoding=\"async\" style=\"display: block; margin-left: auto; margin-right: auto;\" src=\"\/wp-content\/uploads\/2021\/10\/spirale3.gif\" alt=\"\" width=\"297\" height=\"181\" align=\"bottom\" border=\"0\" hspace=\"0\" \/><\/p>\r\n<p>&nbsp;<\/p><p>Das\u00a0Unternehmen\u00a0<strong>Dietze Computer Service<\/strong>\u00a0mit Hauptsitz in Sachsen\/Deutschland.<br \/>Gegr\u00fcndet 1998 mit dem Ziel, spezielles Know-how f\u00fcr das technische Management<br \/>von Informationssystemen bereit zu stellen. Eine Vielzahl unserer Kunden nimmt<br \/>unsere Dienstleistung seit mehr als\u00a020 Jahren in Anspruch.<\/p><p><strong>Unsere Kerngrunds\u00e4tze<\/strong>\u00a0Seit der Gr\u00fcndung des Unternehmens,<br \/>dass sich in Privathand befindet, haben wir uns auf technische Beratung und Durchf\u00fchrung<br \/>spezialisiert. Unser Ruf basiert auf den folgenden unver\u00e4nderlichen Grunds\u00e4tzen:<br \/>Aufbau und Aufrechterhaltung langfristiger Beziehungen sowohl zu unseren Kunden als<br \/>auch zu unseren Partnern, basierend auf Offenheit, Integrit\u00e4t und Vertrauen.<br \/>Fortbestand als Spezialunternehmen, das die Servicequalit\u00e4t in den Mittelpunkt<br \/>seiner T\u00e4tigkeit stellt. Bekenntnis zum Wirtschaftsstandort Deutschland und zu den Vorteilen,<br \/>die sich aus der Zusammenarbeit mit den renommiertesten Unternehmen ergeben.<\/p><p>Seit 1998 sind wir schwerpunktm\u00e4\u00dfig auf folgenden Feldern im IT-Umfeld t\u00e4tig:<\/p><ul class=\"wp-block-list\">\r\n<li>Projektmanagement<\/li>\r\n<li>Beratung<\/li>\r\n<li>Service<\/li>\r\n<li>Schulung<\/li>\r\n<li>Internet Service Provider<\/li>\r\n<li>Netzwerkmanagement<\/li>\r\n<li>Intranetl\u00f6sungen<\/li>\r\n<li>Sicherheitssysteme<\/li>\r\n<\/ul>","protected":false},"excerpt":{"rendered":"<p>&nbsp; Das\u00a0Unternehmen\u00a0Dietze Computer Service\u00a0mit Hauptsitz in Sachsen\/Deutschland.Gegr\u00fcndet 1998 mit dem Ziel, spezielles Know-how f\u00fcr das technische Managementvon Informationssystemen bereit zu stellen. Eine Vielzahl unserer Kunden nimmtunsere Dienstleistung seit mehr als\u00a020 &#8230; <a title=\"Unternehmen\" class=\"read-more\" href=\"https:\/\/e-dcs.de\/?page_id=20\" aria-label=\"Mehr Informationen \u00fcber Unternehmen\">Weiterlesen<\/a><\/p>\n","protected":false},"author":1,"featured_media":0,"parent":0,"menu_order":0,"comment_status":"closed","ping_status":"closed","template":"","meta":{"_price":"","_stock":"","_tribe_ticket_header":"","_tribe_default_ticket_provider":"","_tribe_ticket_capacity":"0","_ticket_start_date":"","_ticket_end_date":"","_tribe_ticket_show_description":"","_tribe_ticket_show_not_going":false,"_tribe_ticket_use_global_stock":"","_tribe_ticket_global_stock_level":"","_global_stock_mode":"","_global_stock_cap":"","_tribe_rsvp_for_event":"","_tribe_ticket_going_count":"","_tribe_ticket_not_going_count":"","_tribe_tickets_list":"[]","_tribe_ticket_has_attendee_info_fields":false,"footnotes":"","_tec_slr_enabled":"","_tec_slr_layout":""},"class_list":["post-20","page","type-page","status-publish"],"ticketed":false,"_links":{"self":[{"href":"https:\/\/e-dcs.de\/index.php?rest_route=\/wp\/v2\/pages\/20","targetHints":{"allow":["GET"]}}],"collection":[{"href":"https:\/\/e-dcs.de\/index.php?rest_route=\/wp\/v2\/pages"}],"about":[{"href":"https:\/\/e-dcs.de\/index.php?rest_route=\/wp\/v2\/types\/page"}],"author":[{"embeddable":true,"href":"https:\/\/e-dcs.de\/index.php?rest_route=\/wp\/v2\/users\/1"}],"replies":[{"embeddable":true,"href":"https:\/\/e-dcs.de\/index.php?rest_route=%2Fwp%2Fv2%2Fcomments&post=20"}],"version-history":[{"count":3,"href":"https:\/\/e-dcs.de\/index.php?rest_route=\/wp\/v2\/pages\/20\/revisions"}],"predecessor-version":[{"id":324,"href":"https:\/\/e-dcs.de\/index.php?rest_route=\/wp\/v2\/pages\/20\/revisions\/324"}],"wp:attachment":[{"href":"https:\/\/e-dcs.de\/index.php?rest_route=%2Fwp%2Fv2%2Fmedia&parent=20"}],"curies":[{"name":"wp","href":"https:\/\/api.w.org\/{rel}","templated":true}]}}