{"id":26,"date":"2021-10-26T06:37:04","date_gmt":"2021-10-26T06:37:04","guid":{"rendered":"https:\/\/e-dcs.de\/htm\/?page_id=26"},"modified":"2025-02-26T08:30:01","modified_gmt":"2025-02-26T07:30:01","slug":"impressum","status":"publish","type":"page","link":"https:\/\/e-dcs.de\/?page_id=26","title":{"rendered":"Impressum"},"content":{"rendered":"<table class=\"impressum_table\">\n<tbody>\n<tr>\n<td>\n<table border=\"0\" width=\"100%\">\n<tbody>\n<tr>\n<td align=\"left\"><img loading=\"lazy\" decoding=\"async\" class=\"alignnone\" src=\"\/wp-content\/uploads\/2025\/02\/home.png\" alt=\"\" width=\"16\" height=\"16\" border=\"\" \/><\/td>\n<td><strong>Anbieterinformationen<\/strong><\/td>\n<\/tr>\n<tr>\n<td align=\"left\"><\/td>\n<td align=\"left\" valign=\"top\" width=\"%\"><strong>Dietze Computer Service<\/strong><br \/>\n<strong>Inhaber<\/strong><br \/>\n<strong>Christian Dietze<\/strong><br \/>\nBauerndorf 10<br \/>\n04838 Zschepplin<\/td>\n<td align=\"left\" valign=\"top\"><\/td>\n<\/tr>\n<\/tbody>\n<\/table>\n<\/td>\n<\/tr>\n<tr>\n<td>\n<table border=\"0\" width=\"100%\">\n<tbody>\n<tr>\n<td align=\"left\"><img decoding=\"async\" src=\"\/wp-content\/uploads\/2025\/02\/recht.png\" alt=\"\" border=\"\" \/><\/td>\n<td><strong>Rechtliche Angaben<\/strong><\/td>\n<\/tr>\n<tr>\n<td align=\"left\"><\/td>\n<td align=\"left\">USt.ID.nr. gem\u00e4\u00df \u00a7 27 a Umsatzsteuergesetz: UST-ID: DE199541420<br \/>\nInhaltlich Verantwortlicher gem\u00e4\u00df TMG: Christian Dietze (<a href=\"mailto:info@e-dcs.de\">info@e-dcs.de<\/a>)<\/td>\n<\/tr>\n<tr>\n<td align=\"left\"><\/td>\n<td align=\"left\"><\/td>\n<\/tr>\n<\/tbody>\n<\/table>\n<\/td>\n<\/tr>\n<tr>\n<td>\n<table border=\"0\" width=\"100%\">\n<tbody>\n<tr>\n<td align=\"left\"><img decoding=\"async\" src=\"\/wp-content\/uploads\/2025\/02\/technik.png\" alt=\"\" border=\"\" \/><\/td>\n<td><strong>Technische Angaben<\/strong><\/td>\n<\/tr>\n<tr>\n<td align=\"left\"><\/td>\n<td align=\"left\"><\/td>\n<\/tr>\n<\/tbody>\n<\/table>\n<\/td>\n<\/tr>\n<\/tbody>\n<\/table>\n<p>&nbsp;<\/p>\n<table>\n<tbody>\n<tr>\n<td><img decoding=\"async\" src=\"\/wp-content\/uploads\/2025\/02\/info.png\" alt=\"\" \/><\/td>\n<td><strong>Weitere Informationen<\/strong><\/td>\n<\/tr>\n<tr>\n<td><\/td>\n<td><a href=\"\/?page_id=33\">Allgemeine Gesch\u00e4ftsbedingungen anzeigen<\/a><\/td>\n<\/tr>\n<tr>\n<td><\/td>\n<td><a href=\"\/?page_id=35\">Erkl\u00e4rung zum Datenschutz anzeigen<\/a><\/td>\n<\/tr>\n<tr>\n<td><\/td>\n<td><a href=\"\/?page_id=233\">Widerrufsbelehrung anzeigen<\/a><\/td>\n<\/tr>\n<tr>\n<td><\/td>\n<td><a href=\"\/?page_id=39\">Haftungshinweise (Disclaimer) anzeigen<\/a><\/td>\n<\/tr>\n<\/tbody>\n<\/table>\n<p>&nbsp;<\/p>\n<table>\n<tbody>\n<tr>\n<td>Trotz sorgf\u00e4ltiger inhaltlicher Kontrolle \u00fcbernehmen wir keine Haftung f\u00fcr die Inhalte externer Links. F\u00fcr den Inhalt der verlinkten Seiten sind ausschlie\u00dflich deren Betreiber verantwortlich.Alle hier verwendeten Namen, Begriffe, Zeichen und Grafiken k\u00f6nnen Marken- oder Warenzeichen im Besitze ihrer rechtlichen Eigent\u00fcmer sein. Die Rechte aller erw\u00e4hnten und benutzten Marken- und Warenzeichen liegen ausschlie\u00dflich bei deren Besitzern.<\/td>\n<\/tr>\n<\/tbody>\n<\/table>\n","protected":false},"excerpt":{"rendered":"<p>Anbieterinformationen Dietze Computer Service Inhaber Christian Dietze Bauerndorf 10 04838 Zschepplin Rechtliche Angaben USt.ID.nr. gem\u00e4\u00df \u00a7 27 a Umsatzsteuergesetz: UST-ID: DE199541420 Inhaltlich Verantwortlicher gem\u00e4\u00df TMG: Christian Dietze (info@e-dcs.de) Technische Angaben &#8230; <a title=\"Impressum\" class=\"read-more\" href=\"https:\/\/e-dcs.de\/?page_id=26\" aria-label=\"Mehr Informationen \u00fcber Impressum\">Weiterlesen<\/a><\/p>\n","protected":false},"author":1,"featured_media":0,"parent":0,"menu_order":0,"comment_status":"closed","ping_status":"closed","template":"","meta":{"_price":"","_stock":"","_tribe_ticket_header":"","_tribe_default_ticket_provider":"","_tribe_ticket_capacity":"0","_ticket_start_date":"","_ticket_end_date":"","_tribe_ticket_show_description":"","_tribe_ticket_show_not_going":false,"_tribe_ticket_use_global_stock":"","_tribe_ticket_global_stock_level":"","_global_stock_mode":"","_global_stock_cap":"","_tribe_rsvp_for_event":"","_tribe_ticket_going_count":"","_tribe_ticket_not_going_count":"","_tribe_tickets_list":"[]","_tribe_ticket_has_attendee_info_fields":false,"footnotes":"","_tec_slr_enabled":"","_tec_slr_layout":""},"class_list":["post-26","page","type-page","status-publish"],"ticketed":false,"_links":{"self":[{"href":"https:\/\/e-dcs.de\/index.php?rest_route=\/wp\/v2\/pages\/26","targetHints":{"allow":["GET"]}}],"collection":[{"href":"https:\/\/e-dcs.de\/index.php?rest_route=\/wp\/v2\/pages"}],"about":[{"href":"https:\/\/e-dcs.de\/index.php?rest_route=\/wp\/v2\/types\/page"}],"author":[{"embeddable":true,"href":"https:\/\/e-dcs.de\/index.php?rest_route=\/wp\/v2\/users\/1"}],"replies":[{"embeddable":true,"href":"https:\/\/e-dcs.de\/index.php?rest_route=%2Fwp%2Fv2%2Fcomments&post=26"}],"version-history":[{"count":15,"href":"https:\/\/e-dcs.de\/index.php?rest_route=\/wp\/v2\/pages\/26\/revisions"}],"predecessor-version":[{"id":416,"href":"https:\/\/e-dcs.de\/index.php?rest_route=\/wp\/v2\/pages\/26\/revisions\/416"}],"wp:attachment":[{"href":"https:\/\/e-dcs.de\/index.php?rest_route=%2Fwp%2Fv2%2Fmedia&parent=26"}],"curies":[{"name":"wp","href":"https:\/\/api.w.org\/{rel}","templated":true}]}}